{"id":18,"date":"2017-03-22T14:40:25","date_gmt":"2017-03-22T13:40:25","guid":{"rendered":"http:\/\/fotos.gartproject.com\/?page_id=18"},"modified":"2018-01-08T14:44:07","modified_gmt":"2018-01-08T13:44:07","slug":"online-rendeles","status":"publish","type":"page","link":"https:\/\/fotos.sk\/hu\/online-rendeles\/","title":{"rendered":"Online Rendel\u00e9s"},"content":{"rendered":"<div class=\"wpb-content-wrapper\"><p>[vc_row][vc_column width=&#8221;1\/2&#8243;][vc_column_text]<a href=\"http:\/\/fotos.sk\/shop\/index.php?route=product\/photoorder&amp;lang=hu-hu\"><img loading=\"lazy\" decoding=\"async\" class=\"size-full wp-image-355 aligncenter\" src=\"http:\/\/fotos.sk\/wp-content\/uploads\/2017\/03\/online-objednavka.png\" alt=\"\" width=\"542\" height=\"412\" srcset=\"https:\/\/fotos.sk\/wp-content\/uploads\/2017\/03\/online-objednavka.png 542w, https:\/\/fotos.sk\/wp-content\/uploads\/2017\/03\/online-objednavka-300x228.png 300w\" sizes=\"auto, (max-width: 542px) 100vw, 542px\" \/><\/a>[\/vc_column_text][vc_column_text]<\/p>\n<h2 style=\"text-align: center;\"><a href=\"http:\/\/fotos.sk\/shop\/index.php?route=product\/photoorder&amp;lang=hu-hu\">ONLINE FOTO<\/a><\/h2>\n<p style=\"text-align: center;\">v\u00e1logasd ki a legszebb k\u00e9peidet<br \/>\n\u00e9s h\u00edvasd ki online<\/p>\n<p>[\/vc_column_text][\/vc_column][vc_column width=&#8221;1\/2&#8243;][vc_column_text]<a href=\"http:\/\/fotos.sk\/shop\/index.php?lang=hu-hu\"><img loading=\"lazy\" decoding=\"async\" class=\"size-full wp-image-354 aligncenter\" src=\"http:\/\/fotos.sk\/wp-content\/uploads\/2017\/03\/online-albumy-klientov.png\" alt=\"\" width=\"542\" height=\"412\" srcset=\"https:\/\/fotos.sk\/wp-content\/uploads\/2017\/03\/online-albumy-klientov.png 542w, https:\/\/fotos.sk\/wp-content\/uploads\/2017\/03\/online-albumy-klientov-300x228.png 300w\" sizes=\"auto, (max-width: 542px) 100vw, 542px\" \/><\/a>[\/vc_column_text][vc_column_text]<\/p>\n<h2 style=\"text-align: center;\"><a href=\"http:\/\/fotos.sk\/shop\/index.php?lang=hu-hu\">\u00dcGYF\u00c9L ALBUM<\/a><\/h2>\n<p style=\"text-align: center;\">a n\u00e1lunk k\u00e9sz\u00fclt k\u00e9peidet<br \/>\nitt tudod megn\u00e9zni<\/p>\n<p>[\/vc_column_text][\/vc_column][\/vc_row]<\/p>\n<\/div>","protected":false},"excerpt":{"rendered":"<p>[vc_row][vc_column width=&#8221;1\/2&#8243;][vc_column_text][\/vc_column_text][vc_column_text] ONLINE FOTO v\u00e1logasd ki a legszebb k\u00e9peidet \u00e9s h\u00edvasd ki online [\/vc_column_text][\/vc_column][vc_column width=&#8221;1\/2&#8243;][vc_column_text][\/vc_column_text][vc_column_text] \u00dcGYF\u00c9L ALBUM a n\u00e1lunk k\u00e9sz\u00fclt k\u00e9peidet itt tudod megn\u00e9zni [\/vc_column_text][\/vc_column][\/vc_row]<\/p>\n","protected":false},"author":1,"featured_media":0,"parent":0,"menu_order":0,"comment_status":"closed","ping_status":"closed","template":"","meta":{"footnotes":""},"class_list":["post-18","page","type-page","status-publish","hentry","description-off"],"_links":{"self":[{"href":"https:\/\/fotos.sk\/hu\/wp-json\/wp\/v2\/pages\/18","targetHints":{"allow":["GET"]}}],"collection":[{"href":"https:\/\/fotos.sk\/hu\/wp-json\/wp\/v2\/pages"}],"about":[{"href":"https:\/\/fotos.sk\/hu\/wp-json\/wp\/v2\/types\/page"}],"author":[{"embeddable":true,"href":"https:\/\/fotos.sk\/hu\/wp-json\/wp\/v2\/users\/1"}],"replies":[{"embeddable":true,"href":"https:\/\/fotos.sk\/hu\/wp-json\/wp\/v2\/comments?post=18"}],"version-history":[{"count":8,"href":"https:\/\/fotos.sk\/hu\/wp-json\/wp\/v2\/pages\/18\/revisions"}],"predecessor-version":[{"id":813,"href":"https:\/\/fotos.sk\/hu\/wp-json\/wp\/v2\/pages\/18\/revisions\/813"}],"wp:attachment":[{"href":"https:\/\/fotos.sk\/hu\/wp-json\/wp\/v2\/media?parent=18"}],"curies":[{"name":"wp","href":"https:\/\/api.w.org\/{rel}","templated":true}]}}