{"id":27,"date":"2017-03-22T14:41:20","date_gmt":"2017-03-22T13:41:20","guid":{"rendered":"http:\/\/fotos.gartproject.com\/?page_id=27"},"modified":"2025-01-30T13:03:31","modified_gmt":"2025-01-30T12:03:31","slug":"elerhetoseg","status":"publish","type":"page","link":"https:\/\/fotos.sk\/hu\/elerhetoseg\/","title":{"rendered":"El\u00e9rhet\u0151s\u00e9g"},"content":{"rendered":"<div class=\"wpb-content-wrapper\"><p>[vc_row][vc_column][vc_custom_heading text=&#8221;FOTOS&#8221; google_fonts=&#8221;font_family:Montserrat%3Aregular%2C700|font_style:400%20regular%3A400%3Anormal&#8221;][vc_row_inner][vc_column_inner width=&#8221;1\/6&#8243;][vc_column_text css=&#8221;&#8221;]<strong>C\u00edm<br \/>\n<\/strong>Gazdovsk\u00fd rad 39<br \/>\n931 01 \u0160amor\u00edn<\/p>\n<p><strong>Mobil<br \/>\n<\/strong>+421 905 644 055<\/p>\n<p><strong>Telefon<\/strong><br \/>\n+421 31 562 29 27<\/p>\n<p><strong>E-mail<\/strong><\/p>\n<p class=\"p1\">fotos@fotos.sk<\/p>\n<p class=\"p1\">fotos1.sk@gmail.com<\/p>\n<p>[\/vc_column_text][\/vc_column_inner][vc_column_inner width=&#8221;1\/6&#8243;][vc_column_text]<strong>NYITVA TART\u00c1S<\/strong><\/p>\n<p>H\u00e9tf\u0151 &#8211; P\u00e9ntek<br \/>\n09.00 &#8211; 17.00<br \/>\n<em>Szombat<\/em><br \/>\n09.00 &#8211; 12.00<br \/>\n<em>Vas\u00e1rnap<\/em><br \/>\nZ\u00e1rva[\/vc_column_text][\/vc_column_inner][vc_column_inner width=&#8221;2\/3&#8243;][vc_single_image image=&#8221;796&#8243; img_size=&#8221;full&#8221; alignment=&#8221;center&#8221; style=&#8221;vc_box_rounded&#8221; onclick=&#8221;zoom&#8221;][\/vc_column_inner][\/vc_row_inner][\/vc_column][\/vc_row][vc_row margin_bottom=&#8221;-50px&#8221; css=&#8221;.vc_custom_1491936747657{margin-bottom: 0px !important;}&#8221;][vc_column]<div id='wrap_map_69ecdab1b8ac0' class='ultimate-map-wrapper ult-adjust-bottom-margin ' style=' height:500px;'><div id='map_69ecdab1b8ac0' data-map_override='0' class='ultimate_google_map wpb_content_element 0' style='width:100%;height:500px;'><\/div><\/div><script type='text\/javascript'>\n\t\t\t(function($) {\n  \t\t\t'use strict';\n\t\t\tvar map_map_69ecdab1b8ac0 = null;\n\t\t\tvar coordinate_map_69ecdab1b8ac0;\n\t\t\tvar isDraggable = $(document).width() > 641 ? 'true' : 'true';\n\t\t\ttry\n\t\t\t{\n\t\t\t\tvar map_map_69ecdab1b8ac0 = null;\n\t\t\t\tvar coordinate_map_69ecdab1b8ac0;\n\t\t\t\tcoordinate_map_69ecdab1b8ac0 = new google.maps.LatLng(48.028823, 17.308963);\n\t\t\t\tvar mapOptions=\n\t\t\t\t{\n\t\t\t\t\tzoom: 18,\n\t\t\t\t\tcenter: coordinate_map_69ecdab1b8ac0,\n\t\t\t\t\tscaleControl: true,\n\t\t\t\t\tstreetViewControl: false,\n\t\t\t\t\tmapTypeControl: false,\n\t\t\t\t\tpanControl: false,\n\t\t\t\t\tzoomControl: true,\n\t\t\t\t\tscrollwheel: false,\n\t\t\t\t\tdraggable: isDraggable,\n\t\t\t\t\tzoomControlOptions: {\n\t\t\t\t\t\tposition: google.maps.ControlPosition.right_top\n\t\t\t\t\t},mapTypeId: google.maps.MapTypeId.roadmap,};var map_map_69ecdab1b8ac0 = new google.maps.Map(document.getElementById('map_69ecdab1b8ac0'),mapOptions);\n\t\t\t\t\t\tvar x = 'infowindow_open_value';\n\t\t\t\t\t\tvar marker_map_69ecdab1b8ac0 = new google.maps.Marker({\n\t\t\t\t\t\tposition: new google.maps.LatLng('48.028823', '17.308963'),\n\t\t\t\t\t\tanimation:  google.maps.Animation.DROP,\n\t\t\t\t\t\tmap: map_map_69ecdab1b8ac0,\n\t\t\t\t\t\ticon: 'https:\/\/fotos.sk\/wp-content\/plugins\/Ultimate_VC_Addons\/assets\/img\/icon-marker-pink.png'\n\t\t\t\t\t});\tgoogle.maps.event.addListener(marker_map_69ecdab1b8ac0, 'click', toggleBounce);var infowindow = new google.maps.InfoWindow();\n\t\t\t\t\t\t\tinfowindow.setContent('<div class=\"map_info_text\" style=\\'color:#000;\\'>Gazdovsk\u00fd rad 39<br \/> 931 01 \u0160amor\u00edn<\/div>');google.maps.event.addListener(marker_map_69ecdab1b8ac0, 'click', function() {\n\t\t\t\t\t\t\t\tinfowindow.open(map_map_69ecdab1b8ac0,marker_map_69ecdab1b8ac0);\n\t\t\t\t\t\t  \t});}\n\t\t\tcatch(e){};\n\t\t\tjQuery(document).ready(function($){\n\t\t\t\tgoogle.maps.event.trigger(map_map_69ecdab1b8ac0, 'resize');\n\t\t\t\t$(window).on('resize', function(){\n\t\t\t\t\tgoogle.maps.event.trigger(map_map_69ecdab1b8ac0, 'resize');\n\t\t\t\t\tif(map_map_69ecdab1b8ac0!=null)\n\t\t\t\t\t\tmap_map_69ecdab1b8ac0.setCenter(coordinate_map_69ecdab1b8ac0);\n\t\t\t\t});\n\t\t\t\t$('.ui-tabs').on('tabsactivate', function(event, ui) {\n\t\t\t\t   if($(this).find('.ultimate-map-wrapper').length > 0)\n\t\t\t\t\t{\n\t\t\t\t\t\tsetTimeout(function(){\n\t\t\t\t\t\t\t$(window).trigger('resize');\n\t\t\t\t\t\t},200);\n\t\t\t\t\t}\n\t\t\t\t});\n\t\t\t\t$('.ui-accordion').on('accordionactivate', function(event, ui) {\n\t\t\t\t   if($(this).find('.ultimate-map-wrapper').length > 0)\n\t\t\t\t\t{\n\t\t\t\t\t\tsetTimeout(function(){\n\t\t\t\t\t\t\t$(window).trigger('resize');\n\t\t\t\t\t\t},200);\n\t\t\t\t\t}\n\t\t\t\t});\n\t\t\t\t$(window).on('load',function(){\n\t\t\t\t\tsetTimeout(function(){\n\t\t\t\t\t\t$(window).trigger('resize');\n\t\t\t\t\t},200);\n\t\t\t\t});\n\t\t\t\t$('.ult_exp_section').on('select', function(){\n\t\t\t\t\tif($(map_map_69ecdab1b8ac0).parents('.ult_exp_section'))\n\t\t\t\t\t{\n\t\t\t\t\t\tsetTimeout(function(){\n\t\t\t\t\t\t\t$(window).trigger('resize');\n\t\t\t\t\t\t},200);\n\t\t\t\t\t}\n\t\t\t\t});\n\t\t\t\t$(document).on('onUVCModalPopupOpen', function(){\n\t\t\t\t\tif($(map_map_69ecdab1b8ac0).parents('.ult_modal-content'))\n\t\t\t\t\t{\n\t\t\t\t\t\tsetTimeout(function(){\n\t\t\t\t\t\t\t$(window).trigger('resize');\n\t\t\t\t\t\t},200);\n\t\t\t\t\t}\n\t\t\t\t});\n\t\t\t\t$(document).on('click','.ult_tab_li',function(){\n\t\t\t\t\t$(window).trigger('resize');\n\t\t\t\t\tsetTimeout(function(){\n\t\t\t\t\t\t$(window).trigger('resize');\n\t\t\t\t\t},200);\n\t\t\t\t});\n\t\t\t});\n\t\t\tfunction toggleBounce() {\n\t\t\t  if (marker_map_69ecdab1b8ac0.getAnimation() != null) {\n\t\t\t\tmarker_map_69ecdab1b8ac0.setAnimation(null);\n\t\t\t  } else {\n\t\t\t\tmarker_map_69ecdab1b8ac0.setAnimation(google.maps.Animation.BOUNCE);\n\t\t\t  }\n\t\t\t}\n\t\t\t})(jQuery);\n\t\t\t<\/script>[\/vc_column][\/vc_row]<\/p>\n<\/div>","protected":false},"excerpt":{"rendered":"<p>[vc_row][vc_column][vc_custom_heading text=&#8221;FOTOS&#8221; google_fonts=&#8221;font_family:Montserrat%3Aregular%2C700|font_style:400%20regular%3A400%3Anormal&#8221;][vc_row_inner][vc_column_inner width=&#8221;1\/6&#8243;][vc_column_text css=&#8221;&#8221;]C\u00edm Gazdovsk\u00fd rad 39 931 01 \u0160amor\u00edn Mobil +421 905 644 055 Telefon +421 31 562 29 27 E-mail fotos@fotos.sk fotos1.sk@gmail.com [\/vc_column_text][\/vc_column_inner][vc_column_inner width=&#8221;1\/6&#8243;][vc_column_text]NYITVA TART\u00c1S H\u00e9tf\u0151 &#8211; P\u00e9ntek 09.00 &#8211; 17.00 Szombat 09.00 &#8211; 12.00 Vas\u00e1rnap Z\u00e1rva[\/vc_column_text][\/vc_column_inner][vc_column_inner width=&#8221;2\/3&#8243;][vc_single_image image=&#8221;796&#8243; img_size=&#8221;full&#8221; alignment=&#8221;center&#8221; style=&#8221;vc_box_rounded&#8221; onclick=&#8221;zoom&#8221;][\/vc_column_inner][\/vc_row_inner][\/vc_column][\/vc_row][vc_row margin_bottom=&#8221;-50px&#8221; css=&#8221;.vc_custom_1491936747657{margin-bottom: 0px !important;}&#8221;][vc_column][\/vc_column][\/vc_row]<\/p>\n","protected":false},"author":1,"featured_media":0,"parent":0,"menu_order":0,"comment_status":"closed","ping_status":"closed","template":"","meta":{"footnotes":""},"class_list":["post-27","page","type-page","status-publish","hentry","description-off"],"_links":{"self":[{"href":"https:\/\/fotos.sk\/hu\/wp-json\/wp\/v2\/pages\/27","targetHints":{"allow":["GET"]}}],"collection":[{"href":"https:\/\/fotos.sk\/hu\/wp-json\/wp\/v2\/pages"}],"about":[{"href":"https:\/\/fotos.sk\/hu\/wp-json\/wp\/v2\/types\/page"}],"author":[{"embeddable":true,"href":"https:\/\/fotos.sk\/hu\/wp-json\/wp\/v2\/users\/1"}],"replies":[{"embeddable":true,"href":"https:\/\/fotos.sk\/hu\/wp-json\/wp\/v2\/comments?post=27"}],"version-history":[{"count":32,"href":"https:\/\/fotos.sk\/hu\/wp-json\/wp\/v2\/pages\/27\/revisions"}],"predecessor-version":[{"id":1580,"href":"https:\/\/fotos.sk\/hu\/wp-json\/wp\/v2\/pages\/27\/revisions\/1580"}],"wp:attachment":[{"href":"https:\/\/fotos.sk\/hu\/wp-json\/wp\/v2\/media?parent=27"}],"curies":[{"name":"wp","href":"https:\/\/api.w.org\/{rel}","templated":true}]}}